{"id":101,"date":"2021-02-17T11:46:20","date_gmt":"2021-02-17T11:46:20","guid":{"rendered":"https:\/\/saraluotonen.fi\/?page_id=101"},"modified":"2021-12-02T19:30:51","modified_gmt":"2021-12-02T19:30:51","slug":"cv","status":"publish","type":"page","link":"https:\/\/saraluotonen.fi\/?page_id=101","title":{"rendered":"CV"},"content":{"rendered":"<p>[et_pb_section fb_built=&#8221;1&#8243; fullwidth=&#8221;on&#8221; _builder_version=&#8221;4.9.0&#8243; _module_preset=&#8221;default&#8221; global_colors_info=&#8221;{}&#8221;][et_pb_fullwidth_header title=&#8221;CV&#8221; text_orientation=&#8221;center&#8221; _builder_version=&#8221;4.9.0&#8243; _module_preset=&#8221;default&#8221; background_image=&#8221;https:\/\/saraluotonen.fi\/wp-content\/uploads\/2021\/02\/Karhuvuori-aukaisu.png&#8221; custom_padding=&#8221;40px||30px||false|false&#8221; global_colors_info=&#8221;{}&#8221;][\/et_pb_fullwidth_header][\/et_pb_section][et_pb_section fb_built=&#8221;1&#8243; _builder_version=&#8221;4.9.0&#8243; _module_preset=&#8221;default&#8221; global_colors_info=&#8221;{}&#8221;][et_pb_row _builder_version=&#8221;4.9.0&#8243; _module_preset=&#8221;default&#8221; hover_enabled=&#8221;0&#8243; global_colors_info=&#8221;{}&#8221; sticky_enabled=&#8221;0&#8243; custom_padding=&#8221;|||1px||&#8221;][et_pb_column type=&#8221;4_4&#8243; _builder_version=&#8221;4.9.0&#8243; _module_preset=&#8221;default&#8221; global_colors_info=&#8221;{}&#8221;][et_pb_text admin_label=&#8221;Koulutus&#8221; _builder_version=&#8221;4.9.0&#8243; _module_preset=&#8221;default&#8221; global_colors_info=&#8221;{}&#8221;]<\/p>\n<h1><span style=\"font-size: 22px;\">Koulutus<\/span><\/h1>\n<h4><\/h4>\n<h4>Turun yliopisto<\/h4>\n<p><strong>Humanistinen tiedekunta, 2016\u2013<\/strong><br \/> P\u00e4\u00e4aineena uskontotiede (opettajalinja)<br \/> Sivuaineina yleinen historia ja valtio-oppi<\/p>\n<p><strong>Yhteiskuntatieteellinen tiedekunta, 2012\u20132016<\/strong><br \/> P\u00e4\u00e4aineena valtio-oppi<br \/> Sivuaineina uskontotiede ja poliittinen historia<\/p>\n<h4>Tutkinnot<\/h4>\n<p><strong>Ylioppilastutkinto<\/strong><br \/> Turun Suomalaisen Yhteiskoulun lukio, 2012<\/p>\n<h4>Muu koulutus<\/h4>\n<p>Nuori vihre\u00e4 vaikuttaja -kurssi, 2011\u20132012<br \/> Kansalaistiedon kurssi, 2011<br \/> Vuosi vaihdossa Colegio Cholgu\u00e1nissa, Chiless\u00e4, 2009\u20132010<br \/> Mannerheimin lastensuojeluliiton lastenhoitokurssi, 2007<\/p>\n<h4>Kielitaito<\/h4>\n<p>Suomi (\u00e4idinkieli), englanti (erinomainen), espanja (kiitett\u00e4v\u00e4), ruotsi (hyv\u00e4), kiina (alkeet)<\/p>\n<p>[\/et_pb_text][et_pb_text admin_label=&#8221;Ty\u00f6kokemus&#8221; _builder_version=&#8221;4.9.0&#8243; _module_preset=&#8221;default&#8221; global_colors_info=&#8221;{}&#8221;]<\/p>\n<p><span style=\"color: #000000; font-family: Quando, Georgia, 'Times New Roman', serif; font-size: 22px;\">Ty\u00f6kokemus<\/span><\/p>\n<p>3\/2016\u20135\/2017 Vakka-Suomen Puhelin Oy, asiakasneuvoja<br \/> 6\/2015 Naantalin kaupunki, lastenhoitaja Rym\u00e4ttyl\u00e4n p\u00e4iv\u00e4kodissa<br \/> 8\/2014\u20133\/2015 Henkil\u00f6kohtainen avustaja<br \/> 7\u20138\/2014 Attendo V\u00e5rdBo Vallentuna, vanhustenhoitaja<br \/> 4\u20136\/2014 Suomen Punainen Risti, F2F-varainhankkija<br \/> 9\/2013\u20136\/2014 Henkil\u00f6kohtainen avustaja<br \/> 7\/2013 Prometheus-leirin tuki ry, leirikokki<br \/> 6\u20138\/2012 Lasten kotihoitaja<br \/>8\/2008\u00a0Naantalin kaupunki, lastenhoitaja Ruonan p\u00e4iv\u00e4kodissa<br \/> 2007\u20132013\u00a0Lastenhoitajana Mannerheimin lastensuojeluliiton v\u00e4lityksell\u00e4 eri perheiss\u00e4<\/p>\n<p>[\/et_pb_text][et_pb_text admin_label=&#8221;Luottamustoimet&#8221; _builder_version=&#8221;4.9.0&#8243; _module_preset=&#8221;default&#8221; global_colors_info=&#8221;{}&#8221;]<\/p>\n<p><span style=\"color: #000000; font-family: Quando, Georgia, 'Times New Roman', serif; font-size: 22px;\">Luottamustoimet<\/span><\/p>\n<h4><\/h4>\n<h4>Kaarinan kaupunki<\/h4>\n<p>2021\u2013 Kaupunginvaltuusto, varaj\u00e4sen<br \/>2021\u2013 Ymp\u00e4rist\u00f6lautakunta, j\u00e4sen<\/p>\n<h4>Naantalin kaupunki<\/h4>\n<p>2015\u20132019 Kaupunginhallitus, varaj\u00e4sen<br \/>2015\u20132017 Kaupunginhallituksen yleisjaosto, j\u00e4sen<br \/>2015\u20132017 Kaupunginhallituksen kaupunkisuunnittelujaosto, varaj\u00e4sen<br \/>2013\u20132020 Kaupunginvaltuusto, varaj\u00e4sen<br \/>2017\u20132020 Saaristolautakunta, j\u00e4sen<br \/>2013\u20132014 Koulutuslautakunta, j\u00e4sen<br \/>2013\u20132017 Tekninen lautakunta, varaj\u00e4sen<br \/>2017\u20132020 Nimist\u00f6toimikunta, j\u00e4sen<\/p>\n<h4><\/h4>\n<h4>Vihre\u00e4 liitto<\/h4>\n<p>2022 Varsinais-Suomen vihre\u00e4t, aluevaaliehdokas<br \/>2021 Kaarinan Vihre\u00e4t, kuntavaaliehdokas<br \/>2015 Varsinais-Suomen vihre\u00e4t, eduskuntavaaliehdokas<br \/>2012, 2017 Naantalin seudun vihre\u00e4t, kuntavaaliehdokas<\/p>\n<p>2021 Kaarinan vihre\u00e4t, hallituksen j\u00e4sen, varapuheenjohtaja<br \/>2020 Kaarinan vihre\u00e4t, hallituksen j\u00e4sen, taloudenhoitaja<\/p>\n<p><span>2021\u2013 Varsinais-Suomen tieteen ja teknologian vihre\u00e4t, hallituksen j\u00e4sen, varapuheenjohtaja<br \/><\/span><span>2019\u20132020 Varsinais-Suomen tieteen ja teknologian vihre\u00e4t, hallituksen varaj\u00e4sen<\/span><\/p>\n<p><span style=\"font-size: 16px;\">2020 Varsinais-Suomen vihre\u00e4t, hallituksen j\u00e4sen, varapuheenjohtaja, vaality\u00f6ryhm\u00e4n puheenjohtaja<br \/>2018\u20132019 Varsinais-Suomen vihre\u00e4t, hallituksen varaj\u00e4sen, vaality\u00f6ryhm\u00e4n puheenjohtaja<br \/>2014\u20132017 Varsinais-Suomen vihre\u00e4t, hallituksen j\u00e4sen<br \/>2012\u20132013 Varsinais-Suomen vihre\u00e4t, hallituksen varaj\u00e4sen<\/span><\/p>\n<p>2018 Naantalin vihre\u00e4t, hallituksen j\u00e4sen, varapuheenjohtaja<br \/>2015\u20132017 Naantalin seudun vihre\u00e4t, hallituksen j\u00e4sen, puheenjohtaja<br \/>2013\u20132014 Naantalin seudun vihre\u00e4t, hallituksen j\u00e4sen, sihteeri<\/p>\n<p>2015 Vihreiden nuorten ja opiskelijoiden liitto, hallituksen j\u00e4sen<\/p>\n<p>2015 Turun vihre\u00e4t nuoret ja opiskelijat, hallituksen j\u00e4sen<br \/>11\/2013\u20132014 Turun vihre\u00e4t nuoret ja opiskelijat, hallituksen j\u00e4sen, puheenjohtaja<br \/>2012\u201311\/2013 Turun vihre\u00e4t nuoret ja opiskelijat, hallituksen j\u00e4sen<\/p>\n<p>2012 Turun vihre\u00e4 kunnallisj\u00e4rjest\u00f6, hallituksen varaj\u00e4sen<\/p>\n<p>2014\u20132015 Vihreiden el\u00e4inpoliittinen ty\u00f6ryhm\u00e4, puheenjohtaja<\/p>\n<p>2013\u20132014 Nuori vihre\u00e4 vaikuttaja -kurssin ohjausryhm\u00e4, puheenjohtaja<br \/>2012\u20132013 Nuori vihre\u00e4 vaikuttaja -kurssin ty\u00f6ryhm\u00e4, varapuheenjohtaja<\/p>\n<h4><\/h4>\n<h4>Muut<\/h4>\n<p>2021 Turun yliopiston ylioppilaskunnan edustajisto, j\u00e4sen<br \/>2019\u20132021 Turun yliopiston ylioppilaskunnan edustajisto, varaj\u00e4sen<br \/>2014\u20132015 FYEG, Food Systems and Animal Rights Working Group, coordinator<br \/>2012\u20132013 Turun yliopiston ylioppilaskunnan ymp\u00e4rist\u00f6valiokunta, sihteeri<\/p>\n<p>[\/et_pb_text][et_pb_text admin_label=&#8221;Julkaisut&#8221; _builder_version=&#8221;4.9.0&#8243; _module_preset=&#8221;default&#8221; global_colors_info=&#8221;{}&#8221;]<\/p>\n<p><span style=\"color: #000000; font-family: Quando, Georgia, 'Times New Roman', serif; font-size: 22px;\">Julkaisut<\/span><\/p>\n<p>Yksi planeetta, yksi koe. Pamfletissa <em>Vahva luontoni \u2013 Varsinais-Suomen vihreiden kirjoituksia luonnonsuojelusta<\/em> (2015).<br \/> Chilen ensimm\u00e4inen naispresidentti uudelleen ehdolle -alio. <em>Turun Sanomat<\/em>, 7.7.2013.<\/p>\n<p>[\/et_pb_text][\/et_pb_column][\/et_pb_row][\/et_pb_section]<\/p>\n","protected":false},"excerpt":{"rendered":"<p>Koulutus Turun yliopisto Humanistinen tiedekunta, 2016\u2013 P\u00e4\u00e4aineena uskontotiede (opettajalinja) Sivuaineina yleinen historia ja valtio-oppi Yhteiskuntatieteellinen tiedekunta, 2012\u20132016 P\u00e4\u00e4aineena valtio-oppi Sivuaineina uskontotiede ja poliittinen historia Tutkinnot Ylioppilastutkinto Turun Suomalaisen Yhteiskoulun lukio, 2012 Muu koulutus Nuori vihre\u00e4 vaikuttaja -kurssi, 2011\u20132012 Kansalaistiedon kurssi, 2011 Vuosi vaihdossa Colegio Cholgu\u00e1nissa, Chiless\u00e4, 2009\u20132010 Mannerheimin lastensuojeluliiton lastenhoitokurssi, 2007 Kielitaito Suomi (\u00e4idinkieli), englanti [&hellip;]<\/p>\n","protected":false},"author":1,"featured_media":0,"parent":0,"menu_order":0,"comment_status":"closed","ping_status":"closed","template":"","meta":{"_et_pb_use_builder":"on","_et_pb_old_content":"","_et_gb_content_width":"","footnotes":""},"class_list":["post-101","page","type-page","status-publish","hentry"],"_links":{"self":[{"href":"https:\/\/saraluotonen.fi\/index.php?rest_route=\/wp\/v2\/pages\/101","targetHints":{"allow":["GET"]}}],"collection":[{"href":"https:\/\/saraluotonen.fi\/index.php?rest_route=\/wp\/v2\/pages"}],"about":[{"href":"https:\/\/saraluotonen.fi\/index.php?rest_route=\/wp\/v2\/types\/page"}],"author":[{"embeddable":true,"href":"https:\/\/saraluotonen.fi\/index.php?rest_route=\/wp\/v2\/users\/1"}],"replies":[{"embeddable":true,"href":"https:\/\/saraluotonen.fi\/index.php?rest_route=%2Fwp%2Fv2%2Fcomments&post=101"}],"version-history":[{"count":9,"href":"https:\/\/saraluotonen.fi\/index.php?rest_route=\/wp\/v2\/pages\/101\/revisions"}],"predecessor-version":[{"id":328,"href":"https:\/\/saraluotonen.fi\/index.php?rest_route=\/wp\/v2\/pages\/101\/revisions\/328"}],"wp:attachment":[{"href":"https:\/\/saraluotonen.fi\/index.php?rest_route=%2Fwp%2Fv2%2Fmedia&parent=101"}],"curies":[{"name":"wp","href":"https:\/\/api.w.org\/{rel}","templated":true}]}}