{"id":50,"date":"2021-02-14T18:52:03","date_gmt":"2021-02-14T18:52:03","guid":{"rendered":"https:\/\/saraluotonen.fi\/?page_id=50"},"modified":"2022-01-06T10:50:14","modified_gmt":"2022-01-06T10:50:14","slug":"etusivu","status":"publish","type":"page","link":"https:\/\/saraluotonen.fi\/","title":{"rendered":"Etusivu"},"content":{"rendered":"<p>[et_pb_section fb_built=&#8221;1&#8243; fullwidth=&#8221;on&#8221; _builder_version=&#8221;4.9.0&#8243; _module_preset=&#8221;default&#8221; global_colors_info=&#8221;{}&#8221;][et_pb_fullwidth_header title=&#8221;Sara Luotonen&#8221; text_orientation=&#8221;center&#8221; _builder_version=&#8221;4.9.0&#8243; _module_preset=&#8221;default&#8221; title_font=&#8221;||||||||&#8221; title_font_size=&#8221;40px&#8221; background_image=&#8221;https:\/\/saraluotonen.fi\/wp-content\/uploads\/2021\/02\/Karhuvuori-aukaisu.png&#8221; title_font_size_tablet=&#8221;35px&#8221; title_font_size_phone=&#8221;30px&#8221; title_font_size_last_edited=&#8221;on|phone&#8221; global_colors_info=&#8221;{}&#8221;][\/et_pb_fullwidth_header][\/et_pb_section][et_pb_section fb_built=&#8221;1&#8243; _builder_version=&#8221;4.9.0&#8243; _module_preset=&#8221;default&#8221; global_colors_info=&#8221;{}&#8221;][et_pb_row column_structure=&#8221;1_2,1_2&#8243; _builder_version=&#8221;4.9.0&#8243; _module_preset=&#8221;default&#8221; custom_padding=&#8221;31px|||||&#8221; global_colors_info=&#8221;{}&#8221;][et_pb_column type=&#8221;1_2&#8243; _builder_version=&#8221;4.9.0&#8243; _module_preset=&#8221;default&#8221; global_colors_info=&#8221;{}&#8221;][et_pb_divider show_divider=&#8221;off&#8221; disabled_on=&#8221;on|on|off&#8221; _builder_version=&#8221;4.9.0&#8243; _module_preset=&#8221;default&#8221; min_height=&#8221;50px&#8221; custom_padding=&#8221;||0px|||&#8221; global_colors_info=&#8221;{}&#8221;][\/et_pb_divider][et_pb_text _builder_version=&#8221;4.9.0&#8243; _module_preset=&#8221;default&#8221; text_font_size=&#8221;20px&#8221; text_font_size_tablet=&#8221;18px&#8221; text_font_size_phone=&#8221;16px&#8221; text_font_size_last_edited=&#8221;on|desktop&#8221; global_colors_info=&#8221;{}&#8221;]<\/p>\n<h3 style=\"text-align: center;\">Tervetuloa kotisivuilleni!<\/h3>\n<p style=\"text-align: center;\">\n<p>[\/et_pb_text][et_pb_text _builder_version=&#8221;4.9.0&#8243; _module_preset=&#8221;default&#8221; text_font_size=&#8221;20px&#8221; text_font_size_tablet=&#8221;18px&#8221; text_font_size_phone=&#8221;16px&#8221; text_font_size_last_edited=&#8221;on|desktop&#8221; global_colors_info=&#8221;{}&#8221;]<\/p>\n<p style=\"text-align: center;\">Olen 29-vuotias opiskelija, tuleva historian, uskonnon ja yhteiskuntaopin opettaja ja uusperheellinen pienen lapsen \u00e4iti, joka rakastaa mets\u00e4\u00e4 ja saaristoa.<\/p>\n<p style=\"text-align: center;\">Syd\u00e4nt\u00e4ni l\u00e4hell\u00e4 ovat erityisesti <span style=\"background-color: #ffffff; font-size: 20px;\">mielenterveyskysymykset ja eriarvoistumisen ehk\u00e4iseminen,<\/span><span style=\"font-size: 20px;\"> luonnonsuojelu ja el\u00e4inten oikeudet sek\u00e4 laadukas varhaiskasvatus ja koulutus.<\/span><\/p>\n<p style=\"text-align: center;\">Haluan olla mukana tekem\u00e4ss\u00e4 kauaskatseista ja kest\u00e4v\u00e4\u00e4 politiikkaa!<\/p>\n<p>[\/et_pb_text][\/et_pb_column][et_pb_column type=&#8221;1_2&#8243; _builder_version=&#8221;4.9.0&#8243; _module_preset=&#8221;default&#8221; global_colors_info=&#8221;{}&#8221;][et_pb_image src=&#8221;https:\/\/saraluotonen.fi\/wp-content\/uploads\/2021\/02\/Pikasyvays.png&#8221; title_text=&#8221;Pikasyv\u00e4ys&#8221; align=&#8221;center&#8221; force_fullwidth=&#8221;on&#8221; _builder_version=&#8221;4.9.0&#8243; _module_preset=&#8221;default&#8221; global_colors_info=&#8221;{}&#8221;][\/et_pb_image][\/et_pb_column][\/et_pb_row][\/et_pb_section]<\/p>\n","protected":false},"excerpt":{"rendered":"<p>Tervetuloa kotisivuilleni! Olen 29-vuotias opiskelija, tuleva historian, uskonnon ja yhteiskuntaopin opettaja ja uusperheellinen pienen lapsen \u00e4iti, joka rakastaa mets\u00e4\u00e4 ja saaristoa. Syd\u00e4nt\u00e4ni l\u00e4hell\u00e4 ovat erityisesti mielenterveyskysymykset ja eriarvoistumisen ehk\u00e4iseminen, luonnonsuojelu ja el\u00e4inten oikeudet sek\u00e4 laadukas varhaiskasvatus ja koulutus. Haluan olla mukana tekem\u00e4ss\u00e4 kauaskatseista ja kest\u00e4v\u00e4\u00e4 politiikkaa!<\/p>\n","protected":false},"author":1,"featured_media":0,"parent":0,"menu_order":0,"comment_status":"closed","ping_status":"closed","template":"","meta":{"_et_pb_use_builder":"on","_et_pb_old_content":"","_et_gb_content_width":"","footnotes":""},"class_list":["post-50","page","type-page","status-publish","hentry"],"_links":{"self":[{"href":"https:\/\/saraluotonen.fi\/index.php?rest_route=\/wp\/v2\/pages\/50","targetHints":{"allow":["GET"]}}],"collection":[{"href":"https:\/\/saraluotonen.fi\/index.php?rest_route=\/wp\/v2\/pages"}],"about":[{"href":"https:\/\/saraluotonen.fi\/index.php?rest_route=\/wp\/v2\/types\/page"}],"author":[{"embeddable":true,"href":"https:\/\/saraluotonen.fi\/index.php?rest_route=\/wp\/v2\/users\/1"}],"replies":[{"embeddable":true,"href":"https:\/\/saraluotonen.fi\/index.php?rest_route=%2Fwp%2Fv2%2Fcomments&post=50"}],"version-history":[{"count":23,"href":"https:\/\/saraluotonen.fi\/index.php?rest_route=\/wp\/v2\/pages\/50\/revisions"}],"predecessor-version":[{"id":338,"href":"https:\/\/saraluotonen.fi\/index.php?rest_route=\/wp\/v2\/pages\/50\/revisions\/338"}],"wp:attachment":[{"href":"https:\/\/saraluotonen.fi\/index.php?rest_route=%2Fwp%2Fv2%2Fmedia&parent=50"}],"curies":[{"name":"wp","href":"https:\/\/api.w.org\/{rel}","templated":true}]}}