{"id":67,"date":"2021-02-17T10:46:34","date_gmt":"2021-02-17T10:46:34","guid":{"rendered":"https:\/\/saraluotonen.fi\/?page_id=67"},"modified":"2022-01-06T10:51:18","modified_gmt":"2022-01-06T10:51:18","slug":"sara","status":"publish","type":"page","link":"https:\/\/saraluotonen.fi\/?page_id=67","title":{"rendered":"Sara"},"content":{"rendered":"<p>[et_pb_section fb_built=&#8221;1&#8243; fullwidth=&#8221;on&#8221; _builder_version=&#8221;4.9.0&#8243; _module_preset=&#8221;default&#8221; global_colors_info=&#8221;{}&#8221;][et_pb_fullwidth_header title=&#8221;Kuka Sara?&#8221; text_orientation=&#8221;center&#8221; _builder_version=&#8221;4.9.0&#8243; _module_preset=&#8221;default&#8221; background_image=&#8221;https:\/\/saraluotonen.fi\/wp-content\/uploads\/2021\/02\/Karhuvuori-aukaisu.png&#8221; custom_padding=&#8221;40px||30px||false|false&#8221; global_colors_info=&#8221;{}&#8221;][\/et_pb_fullwidth_header][\/et_pb_section][et_pb_section fb_built=&#8221;1&#8243; _builder_version=&#8221;4.9.0&#8243; _module_preset=&#8221;default&#8221; global_colors_info=&#8221;{}&#8221;][et_pb_row column_structure=&#8221;1_2,1_2&#8243; _builder_version=&#8221;4.9.0&#8243; _module_preset=&#8221;default&#8221; global_colors_info=&#8221;{}&#8221;][et_pb_column type=&#8221;1_2&#8243; _builder_version=&#8221;4.9.0&#8243; _module_preset=&#8221;default&#8221; global_colors_info=&#8221;{}&#8221;][et_pb_text _builder_version=&#8221;4.9.0&#8243; _module_preset=&#8221;default&#8221; global_colors_info=&#8221;{}&#8221;]<\/p>\n<p><span style=\"color: #000000; font-size: 16px;\"><strong>Lyhyt historiani<\/strong><\/span><\/p>\n<p>Synnyin Turun yliopistollisessa keskussairaalassa vappuaattona 1992. Perheeni asui tuolloin Turussa, josta muutimme siskoni syntym\u00e4n my\u00f6t\u00e4 Naantaliin. Ala-asteen k\u00e4vin Kultarannan koulua ja yl\u00e4asteen Maijam\u00e4en matemaattis-luonnontieteellispainotteisella luokalla. Lukioaikana muutin takaisin Turkuun ja valmistuin ylioppilaaksi Turun Suomalaisen Yhteiskoulun lukiosta 2012. Lukioaikana vietin my\u00f6s vuoden vaihto-oppilaana Chiless\u00e4.<\/p>\n<p><strong><br \/><span style=\"color: #000000;\">Nykyhetki<\/span><\/strong><\/p>\n<p><span style=\"font-size: 16px;\">Nyky\u00e4\u00e4n asun Kaarinan Kuusistossa. Perheeseeni kuuluu avopuoliso, vuoden ik\u00e4inen taaperomme, puolison kaksi kouluik\u00e4ist\u00e4 lasta ja viipurilainen rescuekoira. Opiskelen Turun yliopistossa uskontotiedett\u00e4, valtio-oppia ja historiaa valmistuakseni aineenopettajaksi. Harrastuksiini kuuluvat lukeminen ja kirjoittaminen, k\u00e4sity\u00f6t ja j\u00e4rjest\u00f6toiminta sek\u00e4 vegaanisen ruokablogin yll\u00e4pit\u00e4minen.<\/span><\/p>\n<p><strong><\/strong><\/p>\n<p>[\/et_pb_text][\/et_pb_column][et_pb_column type=&#8221;1_2&#8243; _builder_version=&#8221;4.9.0&#8243; _module_preset=&#8221;default&#8221; global_colors_info=&#8221;{}&#8221;][et_pb_gallery gallery_ids=&#8221;81,80,79,82&#8243; posts_number=&#8221;6&#8243; _builder_version=&#8221;4.9.0&#8243; _module_preset=&#8221;default&#8221; title_text_align=&#8221;center&#8221; title_font_size=&#8221;12px&#8221; global_colors_info=&#8221;{}&#8221;][\/et_pb_gallery][\/et_pb_column][\/et_pb_row][\/et_pb_section]<\/p>\n","protected":false},"excerpt":{"rendered":"<p>Lyhyt historiani Synnyin Turun yliopistollisessa keskussairaalassa vappuaattona 1992. Perheeni asui tuolloin Turussa, josta muutimme siskoni syntym\u00e4n my\u00f6t\u00e4 Naantaliin. Ala-asteen k\u00e4vin Kultarannan koulua ja yl\u00e4asteen Maijam\u00e4en matemaattis-luonnontieteellispainotteisella luokalla. Lukioaikana muutin takaisin Turkuun ja valmistuin ylioppilaaksi Turun Suomalaisen Yhteiskoulun lukiosta 2012. Lukioaikana vietin my\u00f6s vuoden vaihto-oppilaana Chiless\u00e4. Nykyhetki Nyky\u00e4\u00e4n asun Kaarinan Kuusistossa. Perheeseeni kuuluu avopuoliso, vuoden ik\u00e4inen [&hellip;]<\/p>\n","protected":false},"author":1,"featured_media":0,"parent":0,"menu_order":0,"comment_status":"closed","ping_status":"closed","template":"","meta":{"_et_pb_use_builder":"on","_et_pb_old_content":"","_et_gb_content_width":"","footnotes":""},"class_list":["post-67","page","type-page","status-publish","hentry"],"_links":{"self":[{"href":"https:\/\/saraluotonen.fi\/index.php?rest_route=\/wp\/v2\/pages\/67","targetHints":{"allow":["GET"]}}],"collection":[{"href":"https:\/\/saraluotonen.fi\/index.php?rest_route=\/wp\/v2\/pages"}],"about":[{"href":"https:\/\/saraluotonen.fi\/index.php?rest_route=\/wp\/v2\/types\/page"}],"author":[{"embeddable":true,"href":"https:\/\/saraluotonen.fi\/index.php?rest_route=\/wp\/v2\/users\/1"}],"replies":[{"embeddable":true,"href":"https:\/\/saraluotonen.fi\/index.php?rest_route=%2Fwp%2Fv2%2Fcomments&post=67"}],"version-history":[{"count":10,"href":"https:\/\/saraluotonen.fi\/index.php?rest_route=\/wp\/v2\/pages\/67\/revisions"}],"predecessor-version":[{"id":339,"href":"https:\/\/saraluotonen.fi\/index.php?rest_route=\/wp\/v2\/pages\/67\/revisions\/339"}],"wp:attachment":[{"href":"https:\/\/saraluotonen.fi\/index.php?rest_route=%2Fwp%2Fv2%2Fmedia&parent=67"}],"curies":[{"name":"wp","href":"https:\/\/api.w.org\/{rel}","templated":true}]}}